{"id":9591,"date":"2021-08-12T12:40:30","date_gmt":"2021-08-12T16:40:30","guid":{"rendered":"https:\/\/www.mss.ca\/?page_id=9591"},"modified":"2024-04-24T10:47:39","modified_gmt":"2024-04-24T14:47:39","slug":"conditions-dutilisation","status":"publish","type":"page","link":"https:\/\/www.mss.ca\/fr\/conditions-dutilisation\/","title":{"rendered":"Conditions d&#8217;utilisation"},"content":{"rendered":"[vc_row type=&#8221;full_width_background&#8221; full_screen_row_position=&#8221;middle&#8221; column_margin=&#8221;default&#8221; column_direction=&#8221;default&#8221; column_direction_tablet=&#8221;default&#8221; column_direction_phone=&#8221;default&#8221; bg_image=&#8221;8960&#8243; bg_position=&#8221;center center&#8221; background_image_loading=&#8221;default&#8221; bg_repeat=&#8221;no-repeat&#8221; scene_position=&#8221;center&#8221; top_padding=&#8221;10%&#8221; constrain_group_1=&#8221;yes&#8221; bottom_padding=&#8221;10%&#8221; text_color=&#8221;dark&#8221; text_align=&#8221;left&#8221; row_border_radius=&#8221;none&#8221; row_border_radius_applies=&#8221;bg&#8221; color_overlay=&#8221;#00464b&#8221; overlay_strength=&#8221;0.5&#8243; gradient_direction=&#8221;top_to_bottom&#8221; shape_divider_position=&#8221;bottom&#8221; bg_image_animation=&#8221;none&#8221; shape_type=&#8221;&#8221;][vc_column column_padding=&#8221;no-extra-padding&#8221; column_padding_tablet=&#8221;inherit&#8221; column_padding_phone=&#8221;inherit&#8221; column_padding_position=&#8221;all&#8221; column_element_spacing=&#8221;default&#8221; centered_text=&#8221;true&#8221; background_color_opacity=&#8221;1&#8243; background_hover_color_opacity=&#8221;1&#8243; column_shadow=&#8221;none&#8221; column_border_radius=&#8221;none&#8221; column_link_target=&#8221;_self&#8221; gradient_direction=&#8221;left_to_right&#8221; overlay_strength=&#8221;0.3&#8243; width=&#8221;1\/1&#8243; tablet_width_inherit=&#8221;default&#8221; tablet_text_alignment=&#8221;default&#8221; phone_text_alignment=&#8221;default&#8221; bg_image_animation=&#8221;none&#8221; border_type=&#8221;simple&#8221; column_border_width=&#8221;none&#8221; column_border_style=&#8221;solid&#8221;][vc_row_inner column_margin=&#8221;default&#8221; column_direction=&#8221;default&#8221; column_direction_tablet=&#8221;default&#8221; column_direction_phone=&#8221;default&#8221; text_align=&#8221;left&#8221;][vc_column_inner column_padding=&#8221;no-extra-padding&#8221; column_padding_tablet=&#8221;inherit&#8221; column_padding_phone=&#8221;inherit&#8221; column_padding_position=&#8221;all&#8221; column_element_spacing=&#8221;default&#8221; background_color_opacity=&#8221;1&#8243; background_hover_color_opacity=&#8221;1&#8243; column_shadow=&#8221;none&#8221; column_border_radius=&#8221;none&#8221; column_link_target=&#8221;_self&#8221; gradient_direction=&#8221;left_to_right&#8221; overlay_strength=&#8221;0.3&#8243; width=&#8221;1\/1&#8243; tablet_width_inherit=&#8221;default&#8221; bg_image_animation=&#8221;none&#8221; border_type=&#8221;simple&#8221; column_border_width=&#8221;none&#8221; column_border_style=&#8221;solid&#8221;][image_with_animation image_url=&#8221;8572&#8243; animation=&#8221;Fade In&#8221; hover_animation=&#8221;none&#8221; alignment=&#8221;center&#8221; border_radius=&#8221;none&#8221; box_shadow=&#8221;none&#8221; image_loading=&#8221;default&#8221; max_width=&#8221;100%&#8221; max_width_mobile=&#8221;default&#8221;][vc_custom_heading text=&#8221;Conditions d\u2019utilisation&#8221; font_container=&#8221;tag:h1|text_align:center|color:%23ffffff&#8221; use_theme_fonts=&#8221;yes&#8221;][\/vc_column_inner][\/vc_row_inner][\/vc_column][\/vc_row][vc_row type=&#8221;full_width_background&#8221; full_screen_row_position=&#8221;middle&#8221; column_margin=&#8221;default&#8221; column_direction=&#8221;default&#8221; column_direction_tablet=&#8221;default&#8221; column_direction_phone=&#8221;default&#8221; bg_color=&#8221;#ffffff&#8221; scene_position=&#8221;center&#8221; top_padding=&#8221;6%&#8221; constrain_group_1=&#8221;yes&#8221; bottom_padding=&#8221;6%&#8221; text_color=&#8221;dark&#8221; text_align=&#8221;left&#8221; row_border_radius=&#8221;none&#8221; row_border_radius_applies=&#8221;bg&#8221; overlay_strength=&#8221;0.8&#8243; gradient_direction=&#8221;left_to_right&#8221; enable_shape_divider=&#8221;true&#8221; shape_divider_color=&#8221;#5abfc0&#8243; shape_divider_position=&#8221;top&#8221; shape_divider_height=&#8221;35px&#8221; bg_image_animation=&#8221;none&#8221; shape_type=&#8221;curve&#8221;][vc_column column_padding=&#8221;no-extra-padding&#8221; column_padding_tablet=&#8221;inherit&#8221; column_padding_phone=&#8221;inherit&#8221; column_padding_position=&#8221;all&#8221; column_element_spacing=&#8221;default&#8221; background_color_opacity=&#8221;1&#8243; background_hover_color_opacity=&#8221;1&#8243; column_shadow=&#8221;none&#8221; column_border_radius=&#8221;none&#8221; column_link_target=&#8221;_self&#8221; gradient_direction=&#8221;left_to_right&#8221; overlay_strength=&#8221;0.3&#8243; width=&#8221;1\/1&#8243; tablet_width_inherit=&#8221;default&#8221; tablet_text_alignment=&#8221;default&#8221; phone_text_alignment=&#8221;default&#8221; bg_image_animation=&#8221;none&#8221; border_type=&#8221;simple&#8221; column_border_width=&#8221;none&#8221; column_border_style=&#8221;solid&#8221;][vc_custom_heading text=&#8221;Conditions d\u2019utilisation&#8221; font_container=&#8221;tag:h3|text_align:left|color:%2300464b&#8221; use_theme_fonts=&#8221;yes&#8221;][divider line_type=&#8221;Full Width Line&#8221; line_thickness=&#8221;4&#8243; divider_color=&#8221;extra-color-gradient-1&#8243;][vc_row_inner equal_height=&#8221;yes&#8221; content_placement=&#8221;middle&#8221; column_margin=&#8221;default&#8221; column_direction=&#8221;default&#8221; column_direction_tablet=&#8221;default&#8221; column_direction_phone=&#8221;default&#8221; text_align=&#8221;left&#8221;][vc_column_inner column_padding=&#8221;no-extra-padding&#8221; column_padding_tablet=&#8221;inherit&#8221; column_padding_phone=&#8221;inherit&#8221; column_padding_position=&#8221;all&#8221; column_element_spacing=&#8221;default&#8221; background_color=&#8221;#ffffff&#8221; background_color_opacity=&#8221;1&#8243; background_hover_color_opacity=&#8221;1&#8243; column_shadow=&#8221;none&#8221; column_border_radius=&#8221;none&#8221; column_link_target=&#8221;_self&#8221; gradient_direction=&#8221;left_to_right&#8221; overlay_strength=&#8221;0.3&#8243; width=&#8221;1\/1&#8243; tablet_width_inherit=&#8221;default&#8221; bg_image_animation=&#8221;none&#8221; border_type=&#8221;simple&#8221; column_border_width=&#8221;none&#8221; column_border_style=&#8221;solid&#8221;][vc_column_text]Toutes les pages du site Web de MANNARINO sont prot\u00e9g\u00e9es\u00a0: \u00a9 1999-2020 Syst\u00e8mes &amp; logiciels Mannarino\u00a0inc. Tous les droits sont r\u00e9serv\u00e9s.<\/p>\n<p><strong>VEUILLEZ LIRE LES PR\u00c9SENTES CONDITIONS D\u2019UTILISATION ATTENTIVEMENT AVANT D\u2019UTILISER CE SITE.<\/strong><\/p>\n<p>En utilisant le pr\u00e9sent site Web, les utilisateurs consentent aux conditions d\u2019utilisation figurant dans la pr\u00e9sente convention (la Convention). Ce site est d\u00e9tenu et exploit\u00e9 par Syst\u00e8mes &amp; logiciels Mannarino\u00a0inc. (MANNARINO) et il peut \u00eatre utilis\u00e9 par l\u2019utilisateur \u00e0 des fins personnelles et non\u00a0commerciales uniquement. L\u2019utilisateur n\u2019est pas autoris\u00e9 \u00e0 modifier, adapter, reformater, reformuler, d\u00e9chiffrer ou d\u00e9crypter le contenu du pr\u00e9sent site, de quelque fa\u00e7on que ce soit.<\/p>\n<p>Sauf indication contraire, le contenu affich\u00e9 sur ce site vise uniquement \u00e0 faire la promotion des produits et services de MANNARINO.<\/p>\n<p>MANNARINO ne fait aucune d\u00e9claration selon laquelle le contenu, les produits et les services pr\u00e9sent\u00e9s sur le site sont appropri\u00e9s ou disponibles partout.<\/p>\n<p>Au sens des pr\u00e9sentes, le terme MANNARINO d\u00e9signe Syst\u00e8mes &amp; logiciels Mannarino\u00a0inc. Il est interdit d\u2019utiliser, de redistribuer, de diffuser, de publier, de copier sur tout autre support ou de reproduire le contenu figurant sur le pr\u00e9sent site Web ou accessible par l\u2019interm\u00e9diaire du pr\u00e9sent site Web autrement que pour des fins personnelles, \u00e9ducatives et non commerciales, sans le consentement \u00e9crit pr\u00e9alable de MANNARINO. Ce contenu ne peut \u00eatre modifi\u00e9 de quelque fa\u00e7on que ce soit, d\u00e9form\u00e9 ou utilis\u00e9 de mani\u00e8re pr\u00e9judiciable \u00e0 l\u2019image ou \u00e0 la r\u00e9putation de MANNARINO. MANNARINO d\u00e9tient le droit d\u2019auteur sur ce contenu ou a obtenu l\u2019autorisation du d\u00e9tenteur du droit d\u2019auteur pour utiliser ce contenu. MANNARINO ne fait aucune d\u00e9claration et ne donne aucune garantie selon laquelle ce contenu ne porte pas atteinte aux droits d\u2019autrui. Aucune disposition des pr\u00e9sentes ne doit \u00eatre interpr\u00e9t\u00e9e comme accordant, de fa\u00e7on explicite ou implicite, une licence ou un autre droit d\u2019utiliser ce contenu autrement qu\u2019en conformit\u00e9 avec les conditions stipul\u00e9es aux pr\u00e9sentes.<\/p>\n<p><strong>Responsabilit\u00e9<br \/>\n<\/strong>LE PR\u00c9SENT SITE WEB ET TOUTE L\u2019INFORMATION QU\u2019IL CONTIENT SONT FOURNIS \u00ab\u00a0TELS QUELS\u00a0\u00bb SANS GARANTIE DE QUELQUE FORME QUE CE SOIT, EXPLICITE OU IMPLICITE, Y COMPRIS, SANS TOUTEFOIS S\u2019Y LIMITER, LES GARANTIES IMPLICITES DE QUALIT\u00c9 MARCHANDE, D\u2019AD\u00c9QUATION \u00c0 UN USAGE PARTICULIER OU D\u2019ABSENCE DE CONTREFA\u00c7ON.<\/p>\n<p>EN AUCUN CAS, MANNARINO NE POURRA \u00caTRE TENUE RESPONSABLE ENVERS QUICONQUE, RELATIVEMENT AU PR\u00c9SENT SITE WEB OU TOUT SITE WEB AUQUEL M\u00c8NE UN HYPERLIEN FIGURANT SUR LE PR\u00c9SENT SITE WEB, POUR DES DOMMAGES OU DES PR\u00c9JUDICES CAUS\u00c9S PAR (NOTAMMENT, SANS TOUTEFOIS S\u2019Y LIMITER) UN D\u00c9FAUT D\u2019EX\u00c9CUTION, UNE ERREUR, UNE OMISSION, DES DOMMAGES DIRECTS, INDIRECTS OU SP\u00c9CIAUX OU D\u2019AUTRES DOMMAGES CONS\u00c9CUTIFS Y COMPRIS, SANS TOUTEFOIS S\u2019Y LIMITER, UNE PERTE DE B\u00c9N\u00c9FICES, UNE INTERRUPTION DES ACTIVIT\u00c9S OU UNE PERTE DE PROGRAMMES OU D\u2019AUTRES DONN\u00c9ES SUR VOTRE SYST\u00c8ME DE TRAITEMENT DE L\u2019INFORMATION OU AILLEURS, M\u00caME SI MANNARINO EST EXPRESS\u00c9MENT AVIS\u00c9S DE LA POSSIBILIT\u00c9 QUE SURVIENNENT DE TELS DOMMAGES.<\/p>\n<p>Le contenu affich\u00e9 sur le pr\u00e9sent site Web pourrait contenir des inexactitudes et des erreurs typographiques. MANNARINO se r\u00e9serve le droit, \u00e0 son enti\u00e8re discr\u00e9tion, de corriger des erreurs ou des omissions se trouvant dans toute section du site Web. MANNARINO pourrait apporter d\u2019autres modifications au site Web, au contenu, ainsi qu\u2019aux produits, programmes et services qui y sont d\u00e9crits en tout temps et sans pr\u00e9avis. MANNARINO ne garantit pas que le pr\u00e9sent site Web sera disponible et accessible en tout temps.<\/p>\n<p>MANNARINO d\u00e9cline toute responsabilit\u00e9 pour l\u2019ensemble de cette information.<\/p>\n<p>MANNARINO n\u2019assume aucune responsabilit\u00e9 et ne pourra en aucun cas \u00eatre tenue responsable de dommages, de virus ou d\u2019autres composantes nuisibles pouvant infecter des ordinateurs, du mat\u00e9riel ou d\u2019autres biens en raison de l\u2019acc\u00e8s, de l\u2019utilisation ou de la consultation du pr\u00e9sent site Web ou du t\u00e9l\u00e9chargement de quelque contenu \u00e0 partir de celui-ci.<\/p>\n<p><strong>Liens externes<\/strong><br \/>\nIl est possible que le pr\u00e9sent site Web contienne des liens vers d\u2019autres sites Web ou services de moteur de recherche exploit\u00e9s par d\u2019autres entit\u00e9s. L\u2019utilisation de ces liens et sites Web de tiers se fait au risque de l\u2019utilisateur. MANNARINO ne donne aucune garantie et ne fait aucune d\u00e9claration concernant les sites Web li\u00e9s, l\u2019information qu\u2019ils contiennent ou les produits ou services qui y sont offerts ou d\u00e9crits, pas plus que MANNARINO ne les endosse ou ne les parraine de quelque fa\u00e7on que ce soit. Les liens ne signifient aucunement que MANNARINO est affili\u00e9e au site Web ou membre du m\u00eame groupe, ou que le site Web est autoris\u00e9 l\u00e9galement \u00e0 utiliser la marque de commerce, l\u2019appellation commerciale, le logo ou le symbole de droit d\u2019auteur de MANNARINO.<\/p>\n<p><strong>Comp\u00e9tence<\/strong><br \/>\nLa pr\u00e9sente Convention est r\u00e9gie par les lois de la province de Qu\u00e9bec et doit \u00eatre interpr\u00e9t\u00e9e conform\u00e9ment \u00e0 ces lois sans donner effet aux principes relatifs aux conflits de lois. Les parties ont d\u00e9sign\u00e9 les tribunaux du district judiciaire de Montr\u00e9al, dans la province de Qu\u00e9bec, comme les tribunaux comp\u00e9tents pour entendre tout litige d\u00e9coulant des pr\u00e9sentes ou s\u2019y rapportant. Si une disposition de la pr\u00e9sente Convention s\u2019av\u00e9rait ill\u00e9gale, nulle ou pour quelque raison non ex\u00e9cutoire, elle sera r\u00e9put\u00e9e divisible du reste de la pr\u00e9sente Convention et n\u2019aura aucune incidence sur la validit\u00e9 ou le caract\u00e8re ex\u00e9cutoire des dispositions restantes. La pr\u00e9sente Convention constitue l\u2019int\u00e9gralit\u00e9 de l\u2019entente intervenue entre les parties \u00e0 l\u2019\u00e9gard de son objet et elle ne peut \u00eatre modifi\u00e9e qu\u2019au moyen d\u2019un document \u00e9crit sign\u00e9 par les deux parties.[\/vc_column_text][\/vc_column_inner][\/vc_row_inner][\/vc_column][\/vc_row][vc_row type=&#8221;full_width_content&#8221; full_screen_row_position=&#8221;middle&#8221; column_margin=&#8221;default&#8221; column_direction=&#8221;default&#8221; column_direction_tablet=&#8221;default&#8221; column_direction_phone=&#8221;default&#8221; bg_color=&#8221;#ffffff&#8221; scene_position=&#8221;center&#8221; constrain_group_1=&#8221;yes&#8221; text_color=&#8221;dark&#8221; text_align=&#8221;left&#8221; row_border_radius=&#8221;none&#8221; row_border_radius_applies=&#8221;bg&#8221; overlay_strength=&#8221;0.8&#8243; gradient_direction=&#8221;left_to_right&#8221; enable_shape_divider=&#8221;true&#8221; shape_divider_color=&#8221;#5abfc0&#8243; shape_divider_position=&#8221;top&#8221; shape_divider_height=&#8221;35px&#8221; shape_divider_bring_to_front=&#8221;true&#8221; bg_image_animation=&#8221;none&#8221; shape_type=&#8221;curve&#8221;][vc_column column_padding=&#8221;no-extra-padding&#8221; column_padding_tablet=&#8221;inherit&#8221; column_padding_phone=&#8221;inherit&#8221; column_padding_position=&#8221;all&#8221; column_element_spacing=&#8221;default&#8221; background_color_opacity=&#8221;1&#8243; background_hover_color_opacity=&#8221;1&#8243; column_shadow=&#8221;none&#8221; column_border_radius=&#8221;none&#8221; column_link_target=&#8221;_self&#8221; gradient_direction=&#8221;left_to_right&#8221; overlay_strength=&#8221;0.3&#8243; width=&#8221;1\/1&#8243; tablet_width_inherit=&#8221;default&#8221; tablet_text_alignment=&#8221;default&#8221; phone_text_alignment=&#8221;default&#8221; bg_image_animation=&#8221;none&#8221; border_type=&#8221;simple&#8221; column_border_width=&#8221;none&#8221; column_border_style=&#8221;solid&#8221;][divider line_type=&#8221;No Line&#8221; custom_height=&#8221;40&#8243;][\/vc_column][\/vc_row]\n","protected":false},"excerpt":{"rendered":"<p>[vc_row type=&#8221;full_width_background&#8221; full_screen_row_position=&#8221;middle&#8221; column_margin=&#8221;default&#8221; column_direction=&#8221;default&#8221; column_direction_tablet=&#8221;default&#8221; column_direction_phone=&#8221;default&#8221; bg_image=&#8221;8960&#8243; bg_position=&#8221;center center&#8221; background_image_loading=&#8221;default&#8221; bg_repeat=&#8221;no-repeat&#8221; scene_position=&#8221;center&#8221; top_padding=&#8221;10%&#8221; constrain_group_1=&#8221;yes&#8221; bottom_padding=&#8221;10%&#8221; text_color=&#8221;dark&#8221; text_align=&#8221;left&#8221; row_border_radius=&#8221;none&#8221; row_border_radius_applies=&#8221;bg&#8221; color_overlay=&#8221;#00464b&#8221; overlay_strength=&#8221;0.5&#8243; gradient_direction=&#8221;top_to_bottom&#8221; shape_divider_position=&#8221;bottom&#8221; bg_image_animation=&#8221;none&#8221; shape_type=&#8221;&#8221;][vc_column column_padding=&#8221;no-extra-padding&#8221; column_padding_tablet=&#8221;inherit&#8221; column_padding_phone=&#8221;inherit&#8221; column_padding_position=&#8221;all&#8221;&#8230;<\/p>\n","protected":false},"author":6,"featured_media":0,"parent":0,"menu_order":0,"comment_status":"closed","ping_status":"closed","template":"","meta":{"_seopress_robots_primary_cat":"","_seopress_titles_title":"","_seopress_titles_desc":"","_seopress_robots_index":"","footnotes":""},"class_list":["post-9591","page","type-page","status-publish"],"_links":{"self":[{"href":"https:\/\/www.mss.ca\/fr\/wp-json\/wp\/v2\/pages\/9591","targetHints":{"allow":["GET"]}}],"collection":[{"href":"https:\/\/www.mss.ca\/fr\/wp-json\/wp\/v2\/pages"}],"about":[{"href":"https:\/\/www.mss.ca\/fr\/wp-json\/wp\/v2\/types\/page"}],"author":[{"embeddable":true,"href":"https:\/\/www.mss.ca\/fr\/wp-json\/wp\/v2\/users\/6"}],"replies":[{"embeddable":true,"href":"https:\/\/www.mss.ca\/fr\/wp-json\/wp\/v2\/comments?post=9591"}],"version-history":[{"count":0,"href":"https:\/\/www.mss.ca\/fr\/wp-json\/wp\/v2\/pages\/9591\/revisions"}],"wp:attachment":[{"href":"https:\/\/www.mss.ca\/fr\/wp-json\/wp\/v2\/media?parent=9591"}],"curies":[{"name":"wp","href":"https:\/\/api.w.org\/{rel}","templated":true}]}}